{"id":101,"date":"2022-09-26T12:46:29","date_gmt":"2022-09-26T12:46:29","guid":{"rendered":"https:\/\/gaztaburua.com\/?post_type=product&#038;p=101"},"modified":"2024-02-22T08:27:04","modified_gmt":"2024-02-22T08:27:04","slug":"mermelada-de-tomate","status":"publish","type":"product","link":"https:\/\/gaztaburua.com\/eus\/product\/mermelada-de-tomate\/","title":{"rendered":"tomate marmelada"},"content":{"rendered":"<p>[et_pb_section fb_built=\u00bb1&#8243; _builder_version=\u00bb3.22&#8243; custom_padding=\u00bb0px||||false|false\u00bb global_colors_info=\u00bb{}\u00bb][et_pb_row _builder_version=\u00bb3.25&#8243; background_size=\u00bbinitial\u00bb background_position=\u00bbtop_left\u00bb background_repeat=\u00bbrepeat\u00bb width=\u00bb100%\u00bb custom_padding=\u00bb0px||0px||false|false\u00bb global_colors_info=\u00bb{}\u00bb][et_pb_column type=\u00bb4_4&#8243; _builder_version=\u00bb3.25&#8243; custom_padding=\u00bb|||\u00bb global_colors_info=\u00bb{}\u00bb custom_padding__hover=\u00bb|||\u00bb][et_pb_wc_breadcrumb _builder_version=\u00bb3.0.47&#8243; global_colors_info=\u00bb{}\u00bb][\/et_pb_wc_breadcrumb][et_pb_wc_cart_notice global_colors_info=\u00bb{}\u00bb][\/et_pb_wc_cart_notice][\/et_pb_column][\/et_pb_row][et_pb_row column_structure=\u00bb1_2,1_2&#8243; _builder_version=\u00bb3.25&#8243; background_size=\u00bbinitial\u00bb background_position=\u00bbtop_left\u00bb background_repeat=\u00bbrepeat\u00bb width=\u00bb100%\u00bb custom_padding=\u00bb0px||||false|false\u00bb global_colors_info=\u00bb{}\u00bb][et_pb_column type=\u00bb1_2&#8243; _builder_version=\u00bb3.25&#8243; custom_padding=\u00bb|||\u00bb global_colors_info=\u00bb{}\u00bb custom_padding__hover=\u00bb|||\u00bb][et_pb_wc_images _builder_version=\u00bb3.0.47&#8243; global_colors_info=\u00bb{}\u00bb][\/et_pb_wc_images][\/et_pb_column][et_pb_column type=\u00bb1_2&#8243; _builder_version=\u00bb3.25&#8243; custom_padding=\u00bb|||\u00bb global_colors_info=\u00bb{}\u00bb custom_padding__hover=\u00bb|||\u00bb][et_pb_wc_title _builder_version=\u00bb3.0.47&#8243; global_colors_info=\u00bb{}\u00bb][\/et_pb_wc_title][et_pb_wc_rating _builder_version=\u00bb3.0.47&#8243; global_colors_info=\u00bb{}\u00bb][\/et_pb_wc_rating][et_pb_wc_price _builder_version=\u00bb3.0.47&#8243; global_colors_info=\u00bb{}\u00bb][\/et_pb_wc_price][et_pb_wc_description _builder_version=\u00bb3.0.47&#8243; global_colors_info=\u00bb{}\u00bb][\/et_pb_wc_description][et_pb_wc_add_to_cart global_colors_info=\u00bb{}\u00bb][\/et_pb_wc_add_to_cart][et_pb_wc_meta _builder_version=\u00bb3.0.47&#8243; global_colors_info=\u00bb{}\u00bb][\/et_pb_wc_meta][\/et_pb_column][\/et_pb_row][et_pb_row _builder_version=\u00bb3.25&#8243; background_size=\u00bbinitial\u00bb background_position=\u00bbtop_left\u00bb background_repeat=\u00bbrepeat\u00bb width=\u00bb100%\u00bb global_colors_info=\u00bb{}\u00bb][et_pb_column type=\u00bb4_4&#8243; _builder_version=\u00bb3.25&#8243; custom_padding=\u00bb|||\u00bb global_colors_info=\u00bb{}\u00bb custom_padding__hover=\u00bb|||\u00bb][et_pb_wc_tabs _builder_version=\u00bb3.0.47&#8243; global_colors_info=\u00bb{}\u00bb]\t\t\t\t\t[\/et_pb_wc_tabs][et_pb_wc_upsells _builder_version=\u00bb3.0.47&#8243; global_colors_info=\u00bb{}\u00bb][\/et_pb_wc_upsells][et_pb_wc_related_products _builder_version=\u00bb3.0.47&#8243; global_colors_info=\u00bb{}\u00bb][\/et_pb_wc_related_products][\/et_pb_column][\/et_pb_row][\/et_pb_section]<\/p>\n","protected":false},"excerpt":{"rendered":"<p>Ingredientes: Tomate, sin aditivos ni conservantes<\/p>\n<p>Formato: Bote de cristal 325 gr<\/p>\n<p>Origen: Irurita (Navarra)<\/p>\n<p><img decoding=\"async\" src=\"https:\/\/www.reynoartesano.com\/wp-content\/uploads\/2016\/11\/Reyno-Gourmet100.jpg\" alt=\"reyno-gourmet100\" \/><img decoding=\"async\" src=\"https:\/\/www.reynoartesano.com\/wp-content\/uploads\/2016\/11\/logo-alimentos100.jpg\" alt=\"logo-alimentos100\" \/><\/p>\n<div class=\"boton-productores\"><a href=\"https:\/\/www.reynoartesano.com\/productores\/mermeladas-irular\/\" target=\"_blank\" rel=\"noopener\">Conocer m\u00e1s sobre Mermeladas Irular<\/a><\/div>","protected":false},"featured_media":158,"comment_status":"open","ping_status":"closed","template":"","meta":{"_et_pb_use_builder":"on","_et_pb_old_content":"Mermeladas Irular trabaja con fruta de cosecha propia o comprada directamente al productor a pie de \u00e1rbol que despu\u00e9s es transportada personalmente para asegurar la mayor calidad posible, siendo siempre fruta fresca la utilizada.\r\n\r\nEl proceso de elaboraci\u00f3n empieza con una concienzuda limpieza, seguido del pelado a mano. La mermelada se elabora con un m\u00ednimo de 65% de fruta, zumo de lim\u00f3n, pectina de manzana y az\u00facar. Sin aditivos ni conservantes.","_et_gb_content_width":""},"product_brand":[],"product_cat":[26],"product_tag":[147,143,146],"class_list":{"0":"post-101","1":"product","2":"type-product","3":"status-publish","4":"has-post-thumbnail","6":"product_cat-mermeladas-y-miel","7":"product_tag-irular","8":"product_tag-mermelada","9":"product_tag-tomate","11":"first","12":"instock","13":"shipping-taxable","14":"purchasable","15":"product-type-simple"},"yoast_head":"<!-- This site is optimized with the Yoast SEO plugin v26.9 - https:\/\/yoast.com\/product\/yoast-seo-wordpress\/ -->\n<title>Mermelada de tomate &#8226; Gaztaburua<\/title>\n<meta name=\"description\" content=\"Ingredientes: Tomate, sin aditivos ni conservantes\" \/>\n<meta name=\"robots\" content=\"index, follow, max-snippet:-1, max-image-preview:large, max-video-preview:-1\" \/>\n<link rel=\"canonical\" href=\"https:\/\/gaztaburua.com\/eus\/product\/mermelada-de-tomate\/\" \/>\n<meta property=\"og:locale\" content=\"en_US\" \/>\n<meta property=\"og:type\" content=\"article\" \/>\n<meta property=\"og:title\" content=\"Mermelada de tomate &#8226; Gaztaburua\" \/>\n<meta property=\"og:description\" content=\"Ingredientes: Tomate, sin aditivos ni conservantes\" \/>\n<meta property=\"og:url\" content=\"https:\/\/gaztaburua.com\/eus\/product\/mermelada-de-tomate\/\" \/>\n<meta property=\"og:site_name\" content=\"Gaztaburua\" \/>\n<meta property=\"article:publisher\" content=\"https:\/\/www.facebook.com\/profile.php?id=100086729730790\" \/>\n<meta property=\"article:modified_time\" content=\"2024-02-22T08:27:04+00:00\" \/>\n<meta property=\"og:image\" content=\"https:\/\/gaztaburua.com\/wp-content\/uploads\/tomate-e1478951223281.jpg\" \/>\n\t<meta property=\"og:image:width\" content=\"471\" \/>\n\t<meta property=\"og:image:height\" content=\"686\" \/>\n\t<meta property=\"og:image:type\" content=\"image\/jpeg\" \/>\n<meta name=\"twitter:label1\" content=\"Est. reading time\" \/>\n\t<meta name=\"twitter:data1\" content=\"2 minutua\" \/>\n<script type=\"application\/ld+json\" class=\"yoast-schema-graph\">{\"@context\":\"https:\/\/schema.org\",\"@graph\":[{\"@type\":\"WebPage\",\"@id\":\"https:\/\/gaztaburua.com\/product\/mermelada-de-tomate\/\",\"url\":\"https:\/\/gaztaburua.com\/product\/mermelada-de-tomate\/\",\"name\":\"Mermelada de tomate &#8226; Gaztaburua\",\"isPartOf\":{\"@id\":\"https:\/\/gaztaburua.com\/#website\"},\"primaryImageOfPage\":{\"@id\":\"https:\/\/gaztaburua.com\/product\/mermelada-de-tomate\/#primaryimage\"},\"image\":{\"@id\":\"https:\/\/gaztaburua.com\/product\/mermelada-de-tomate\/#primaryimage\"},\"thumbnailUrl\":\"https:\/\/gaztaburua.com\/wp-content\/uploads\/tomate-e1478951223281.jpg\",\"datePublished\":\"2022-09-26T12:46:29+00:00\",\"dateModified\":\"2024-02-22T08:27:04+00:00\",\"description\":\"Ingredientes: Tomate, sin aditivos ni conservantes\",\"breadcrumb\":{\"@id\":\"https:\/\/gaztaburua.com\/product\/mermelada-de-tomate\/#breadcrumb\"},\"inLanguage\":\"eu\",\"potentialAction\":[{\"@type\":\"ReadAction\",\"target\":[\"https:\/\/gaztaburua.com\/product\/mermelada-de-tomate\/\"]}]},{\"@type\":\"ImageObject\",\"inLanguage\":\"eu\",\"@id\":\"https:\/\/gaztaburua.com\/product\/mermelada-de-tomate\/#primaryimage\",\"url\":\"https:\/\/gaztaburua.com\/wp-content\/uploads\/tomate-e1478951223281.jpg\",\"contentUrl\":\"https:\/\/gaztaburua.com\/wp-content\/uploads\/tomate-e1478951223281.jpg\",\"width\":471,\"height\":686},{\"@type\":\"BreadcrumbList\",\"@id\":\"https:\/\/gaztaburua.com\/product\/mermelada-de-tomate\/#breadcrumb\",\"itemListElement\":[{\"@type\":\"ListItem\",\"position\":1,\"name\":\"Portada\",\"item\":\"https:\/\/gaztaburua.com\/\"},{\"@type\":\"ListItem\",\"position\":2,\"name\":\"TIENDA ONLINE\",\"item\":\"https:\/\/gaztaburua.com\/tienda\/\"},{\"@type\":\"ListItem\",\"position\":3,\"name\":\"Mermelada de tomate\"}]},{\"@type\":\"WebSite\",\"@id\":\"https:\/\/gaztaburua.com\/#website\",\"url\":\"https:\/\/gaztaburua.com\/\",\"name\":\"Gaztaburua\",\"description\":\"TIENDA GOURMET EN EL CORAZ\u00d3N DEL BOSQUE DE NAVARRA, EN BASABURUA\",\"publisher\":{\"@id\":\"https:\/\/gaztaburua.com\/#organization\"},\"potentialAction\":[{\"@type\":\"SearchAction\",\"target\":{\"@type\":\"EntryPoint\",\"urlTemplate\":\"https:\/\/gaztaburua.com\/?s={search_term_string}\"},\"query-input\":{\"@type\":\"PropertyValueSpecification\",\"valueRequired\":true,\"valueName\":\"search_term_string\"}}],\"inLanguage\":\"eu\"},{\"@type\":\"Organization\",\"@id\":\"https:\/\/gaztaburua.com\/#organization\",\"name\":\"Gaztaburua\",\"url\":\"https:\/\/gaztaburua.com\/\",\"logo\":{\"@type\":\"ImageObject\",\"inLanguage\":\"eu\",\"@id\":\"https:\/\/gaztaburua.com\/#\/schema\/logo\/image\/\",\"url\":\"https:\/\/gaztaburua.com\/wp-content\/uploads\/GaztaburuaVB.png\",\"contentUrl\":\"https:\/\/gaztaburua.com\/wp-content\/uploads\/GaztaburuaVB.png\",\"width\":250,\"height\":168,\"caption\":\"Gaztaburua\"},\"image\":{\"@id\":\"https:\/\/gaztaburua.com\/#\/schema\/logo\/image\/\"},\"sameAs\":[\"https:\/\/www.facebook.com\/profile.php?id=100086729730790\",\"https:\/\/instagram.com\/gaztaburua?igshid=YmMyMTA2M2Y=\",\"https:\/\/www.tiktok.com\/@gaztaburua?_t=8WGQQ54jbeA&amp;_r=1\"]}]}<\/script>\n<!-- \/ Yoast SEO plugin. -->","yoast_head_json":{"title":"Mermelada de tomate &#8226; Gaztaburua","description":"Ingredientes: Tomate, sin aditivos ni conservantes","robots":{"index":"index","follow":"follow","max-snippet":"max-snippet:-1","max-image-preview":"max-image-preview:large","max-video-preview":"max-video-preview:-1"},"canonical":"https:\/\/gaztaburua.com\/eus\/product\/mermelada-de-tomate\/","og_locale":"en_US","og_type":"article","og_title":"Mermelada de tomate &#8226; Gaztaburua","og_description":"Ingredientes: Tomate, sin aditivos ni conservantes","og_url":"https:\/\/gaztaburua.com\/eus\/product\/mermelada-de-tomate\/","og_site_name":"Gaztaburua","article_publisher":"https:\/\/www.facebook.com\/profile.php?id=100086729730790","article_modified_time":"2024-02-22T08:27:04+00:00","og_image":[{"width":471,"height":686,"url":"https:\/\/gaztaburua.com\/wp-content\/uploads\/tomate-e1478951223281.jpg","type":"image\/jpeg"}],"twitter_misc":{"Est. reading time":"2 minutua"},"schema":{"@context":"https:\/\/schema.org","@graph":[{"@type":"WebPage","@id":"https:\/\/gaztaburua.com\/product\/mermelada-de-tomate\/","url":"https:\/\/gaztaburua.com\/product\/mermelada-de-tomate\/","name":"Mermelada de tomate &#8226; Gaztaburua","isPartOf":{"@id":"https:\/\/gaztaburua.com\/#website"},"primaryImageOfPage":{"@id":"https:\/\/gaztaburua.com\/product\/mermelada-de-tomate\/#primaryimage"},"image":{"@id":"https:\/\/gaztaburua.com\/product\/mermelada-de-tomate\/#primaryimage"},"thumbnailUrl":"https:\/\/gaztaburua.com\/wp-content\/uploads\/tomate-e1478951223281.jpg","datePublished":"2022-09-26T12:46:29+00:00","dateModified":"2024-02-22T08:27:04+00:00","description":"Ingredientes: Tomate, sin aditivos ni conservantes","breadcrumb":{"@id":"https:\/\/gaztaburua.com\/product\/mermelada-de-tomate\/#breadcrumb"},"inLanguage":"eu","potentialAction":[{"@type":"ReadAction","target":["https:\/\/gaztaburua.com\/product\/mermelada-de-tomate\/"]}]},{"@type":"ImageObject","inLanguage":"eu","@id":"https:\/\/gaztaburua.com\/product\/mermelada-de-tomate\/#primaryimage","url":"https:\/\/gaztaburua.com\/wp-content\/uploads\/tomate-e1478951223281.jpg","contentUrl":"https:\/\/gaztaburua.com\/wp-content\/uploads\/tomate-e1478951223281.jpg","width":471,"height":686},{"@type":"BreadcrumbList","@id":"https:\/\/gaztaburua.com\/product\/mermelada-de-tomate\/#breadcrumb","itemListElement":[{"@type":"ListItem","position":1,"name":"Portada","item":"https:\/\/gaztaburua.com\/"},{"@type":"ListItem","position":2,"name":"TIENDA ONLINE","item":"https:\/\/gaztaburua.com\/tienda\/"},{"@type":"ListItem","position":3,"name":"Mermelada de tomate"}]},{"@type":"WebSite","@id":"https:\/\/gaztaburua.com\/#website","url":"https:\/\/gaztaburua.com\/","name":"Gaztaburua","description":"TIENDA GOURMET EN EL CORAZ\u00d3N DEL BOSQUE DE NAVARRA, EN BASABURUA","publisher":{"@id":"https:\/\/gaztaburua.com\/#organization"},"potentialAction":[{"@type":"SearchAction","target":{"@type":"EntryPoint","urlTemplate":"https:\/\/gaztaburua.com\/?s={search_term_string}"},"query-input":{"@type":"PropertyValueSpecification","valueRequired":true,"valueName":"search_term_string"}}],"inLanguage":"eu"},{"@type":"Organization","@id":"https:\/\/gaztaburua.com\/#organization","name":"Gaztaburua","url":"https:\/\/gaztaburua.com\/","logo":{"@type":"ImageObject","inLanguage":"eu","@id":"https:\/\/gaztaburua.com\/#\/schema\/logo\/image\/","url":"https:\/\/gaztaburua.com\/wp-content\/uploads\/GaztaburuaVB.png","contentUrl":"https:\/\/gaztaburua.com\/wp-content\/uploads\/GaztaburuaVB.png","width":250,"height":168,"caption":"Gaztaburua"},"image":{"@id":"https:\/\/gaztaburua.com\/#\/schema\/logo\/image\/"},"sameAs":["https:\/\/www.facebook.com\/profile.php?id=100086729730790","https:\/\/instagram.com\/gaztaburua?igshid=YmMyMTA2M2Y=","https:\/\/www.tiktok.com\/@gaztaburua?_t=8WGQQ54jbeA&amp;_r=1"]}]}},"_links":{"self":[{"href":"https:\/\/gaztaburua.com\/eus\/wp-json\/wp\/v2\/product\/101","targetHints":{"allow":["GET"]}}],"collection":[{"href":"https:\/\/gaztaburua.com\/eus\/wp-json\/wp\/v2\/product"}],"about":[{"href":"https:\/\/gaztaburua.com\/eus\/wp-json\/wp\/v2\/types\/product"}],"replies":[{"embeddable":true,"href":"https:\/\/gaztaburua.com\/eus\/wp-json\/wp\/v2\/comments?post=101"}],"wp:featuredmedia":[{"embeddable":true,"href":"https:\/\/gaztaburua.com\/eus\/wp-json\/wp\/v2\/media\/158"}],"wp:attachment":[{"href":"https:\/\/gaztaburua.com\/eus\/wp-json\/wp\/v2\/media?parent=101"}],"wp:term":[{"taxonomy":"product_brand","embeddable":true,"href":"https:\/\/gaztaburua.com\/eus\/wp-json\/wp\/v2\/product_brand?post=101"},{"taxonomy":"product_cat","embeddable":true,"href":"https:\/\/gaztaburua.com\/eus\/wp-json\/wp\/v2\/product_cat?post=101"},{"taxonomy":"product_tag","embeddable":true,"href":"https:\/\/gaztaburua.com\/eus\/wp-json\/wp\/v2\/product_tag?post=101"}],"curies":[{"name":"wp","href":"https:\/\/api.w.org\/{rel}","templated":true}]}}